{"id":2775,"date":"2022-07-04T06:45:34","date_gmt":"2022-07-04T06:45:34","guid":{"rendered":"https:\/\/ttseparator.hu\/en\/?page_id=2775"},"modified":"2022-07-04T06:57:17","modified_gmt":"2022-07-04T06:57:17","slug":"ginop-1-2-8-20-2020-01805","status":"publish","type":"page","link":"https:\/\/ttseparator.hu\/en\/ginop-1-2-8-20-2020-01805\/","title":{"rendered":"GINOP-1.2.8-20-2020-01805"},"content":{"rendered":"\t\t<div data-elementor-type=\"wp-page\" data-elementor-id=\"2775\" class=\"elementor elementor-2775\">\n\t\t\t\t\t\t\t\t\t<section class=\"elementor-section elementor-top-section elementor-element elementor-element-a7b204b elementor-section-boxed elementor-section-height-default elementor-section-height-default\" data-id=\"a7b204b\" data-element_type=\"section\">\n\t\t\t\t\t\t<div class=\"elementor-container elementor-column-gap-default\">\n\t\t\t\t\t<div class=\"elementor-column elementor-col-100 elementor-top-column elementor-element elementor-element-cd12fa1\" data-id=\"cd12fa1\" data-element_type=\"column\">\n\t\t\t<div class=\"elementor-widget-wrap elementor-element-populated\">\n\t\t\t\t\t\t\t\t<div class=\"elementor-element elementor-element-f93138d elementor-widget elementor-widget-heading\" data-id=\"f93138d\" data-element_type=\"widget\" data-widget_type=\"heading.default\">\n\t\t\t\t<div class=\"elementor-widget-container\">\n\t\t\t<style>\/*! elementor - v3.6.1 - 23-03-2022 *\/\n.elementor-heading-title{padding:0;margin:0;line-height:1}.elementor-widget-heading .elementor-heading-title[class*=elementor-size-]>a{color:inherit;font-size:inherit;line-height:inherit}.elementor-widget-heading .elementor-heading-title.elementor-size-small{font-size:15px}.elementor-widget-heading .elementor-heading-title.elementor-size-medium{font-size:19px}.elementor-widget-heading .elementor-heading-title.elementor-size-large{font-size:29px}.elementor-widget-heading .elementor-heading-title.elementor-size-xl{font-size:39px}.elementor-widget-heading .elementor-heading-title.elementor-size-xxl{font-size:59px}<\/style><h2 class=\"elementor-heading-title elementor-size-default\">GINOP-1.2.8-20-2020-01805<\/h2>\t\t<\/div>\n\t\t\t\t<\/div>\n\t\t\t\t<div class=\"elementor-element elementor-element-9c30196 elementor-widget elementor-widget-text-editor\" data-id=\"9c30196\" data-element_type=\"widget\" data-widget_type=\"text-editor.default\">\n\t\t\t\t<div class=\"elementor-widget-container\">\n\t\t\t<style>\/*! elementor - v3.6.1 - 23-03-2022 *\/\n.elementor-widget-text-editor.elementor-drop-cap-view-stacked .elementor-drop-cap{background-color:#818a91;color:#fff}.elementor-widget-text-editor.elementor-drop-cap-view-framed .elementor-drop-cap{color:#818a91;border:3px solid;background-color:transparent}.elementor-widget-text-editor:not(.elementor-drop-cap-view-default) .elementor-drop-cap{margin-top:8px}.elementor-widget-text-editor:not(.elementor-drop-cap-view-default) .elementor-drop-cap-letter{width:1em;height:1em}.elementor-widget-text-editor .elementor-drop-cap{float:left;text-align:center;line-height:1;font-size:50px}.elementor-widget-text-editor .elementor-drop-cap-letter{display:inline-block}<\/style>\t\t\t\t<p class=\"Standard\">\u00a0<\/p><p><strong>Kedvezm\u00e9nyezett neve:<\/strong>\u00a0 SHT SERVICE Kereskedelmi, Gy\u00e1rt\u00f3 \u00e9s Szolg\u00e1ltat\u00f3 Korl\u00e1tolt Felel\u0151ss\u00e9g\u0171 T\u00e1rsas\u00e1g<\/p><p><strong>Projekt c\u00edme:<\/strong> \u201eTechnol\u00f3giai fejleszt\u00e9s az SHT SERVICE KFT-n\u00e9l\u201d<\/p><p><strong>A szerz\u0151d\u00f6tt t\u00e1mogat\u00e1s \u00f6sszege:<\/strong> 11 999 999 Ft<\/p><p><strong>A t\u00e1mogat\u00e1s m\u00e9rt\u00e9ke:<\/strong> 70%<\/p><p><em>A projekt tartalm\u00e1nak bemutat\u00e1sa<\/em>: \u00daj eszk\u00f6z\u00f6k, g\u00e9pek beszerz\u00e9se, \u00faj technol\u00f3giai rendszerek \u00e9s kapacit\u00e1sok kialak\u00edt\u00e1sa. A beszerez\u00e9sre ker\u00fcl\u0151 g\u00e9pek kapacit\u00e1sb\u0151v\u00edt\u00e9st eredm\u00e9nyeznek, cs\u00f6kkentik a gy\u00e1rt\u00e1si id\u0151t, lehet\u0151v\u00e9 teszik a munkafolyamatok r\u00f6vid\u00edt\u00e9s\u00e9t, a gy\u00e1rt\u00e1si pontoss\u00e1g javul\u00e1s\u00e1t. Kevesebb selejt anyag keletkezik, s egy\u00fattal a g\u00e9ppark is korszer\u0171bb\u00e9 v\u00e1lik. A tervezett g\u00e9pek az \u00fcgyfelek magas sz\u00ednvonal\u00fa kiszolg\u00e1l\u00e1s\u00e1hoz j\u00e1rulnak hozz\u00e1.<\/p><p><strong>A projekt t\u00e9nyleges befejez\u00e9s d\u00e1tuma:<\/strong> 2022. 02. 28.<\/p><p><strong>Projekt azonos\u00edt\u00f3 sz\u00e1ma<\/strong>: GINOP-1.2.8-20-2020-01805<\/p>\t\t\t\t\t\t<\/div>\n\t\t\t\t<\/div>\n\t\t\t\t\t<\/div>\n\t\t<\/div>\n\t\t\t\t\t\t\t<\/div>\n\t\t<\/section>\n\t\t\t\t\t\t\t<\/div>\n\t\t","protected":false},"excerpt":{"rendered":"<p>GINOP-1.2.8-20-2020-01805 \u00a0 Kedvezm\u00e9nyezett neve:\u00a0 SHT SERVICE Kereskedelmi, Gy\u00e1rt\u00f3 \u00e9s Szolg\u00e1ltat\u00f3 Korl\u00e1tolt Felel\u0151ss\u00e9g\u0171 T\u00e1rsas\u00e1g Projekt c\u00edme: \u201eTechnol\u00f3giai fejleszt\u00e9s az SHT SERVICE KFT-n\u00e9l\u201d A szerz\u0151d\u00f6tt t\u00e1mogat\u00e1s \u00f6sszege: 11 999 999 Ft A t\u00e1mogat\u00e1s m\u00e9rt\u00e9ke: 70% A projekt tartalm\u00e1nak bemutat\u00e1sa: \u00daj eszk\u00f6z\u00f6k, g\u00e9pek beszerz\u00e9se, \u00faj technol\u00f3giai rendszerek \u00e9s kapacit\u00e1sok kialak\u00edt\u00e1sa. A beszerez\u00e9sre ker\u00fcl\u0151 g\u00e9pek kapacit\u00e1sb\u0151v\u00edt\u00e9st eredm\u00e9nyeznek, cs\u00f6kkentik a [&hellip;]<\/p>\n","protected":false},"author":1,"featured_media":0,"parent":0,"menu_order":0,"comment_status":"closed","ping_status":"closed","template":"","meta":{"inline_featured_image":false,"footnotes":""},"class_list":["post-2775","page","type-page","status-publish","hentry"],"_links":{"self":[{"href":"https:\/\/ttseparator.hu\/en\/wp-json\/wp\/v2\/pages\/2775","targetHints":{"allow":["GET"]}}],"collection":[{"href":"https:\/\/ttseparator.hu\/en\/wp-json\/wp\/v2\/pages"}],"about":[{"href":"https:\/\/ttseparator.hu\/en\/wp-json\/wp\/v2\/types\/page"}],"author":[{"embeddable":true,"href":"https:\/\/ttseparator.hu\/en\/wp-json\/wp\/v2\/users\/1"}],"replies":[{"embeddable":true,"href":"https:\/\/ttseparator.hu\/en\/wp-json\/wp\/v2\/comments?post=2775"}],"version-history":[{"count":18,"href":"https:\/\/ttseparator.hu\/en\/wp-json\/wp\/v2\/pages\/2775\/revisions"}],"predecessor-version":[{"id":2797,"href":"https:\/\/ttseparator.hu\/en\/wp-json\/wp\/v2\/pages\/2775\/revisions\/2797"}],"wp:attachment":[{"href":"https:\/\/ttseparator.hu\/en\/wp-json\/wp\/v2\/media?parent=2775"}],"curies":[{"name":"wp","href":"https:\/\/api.w.org\/{rel}","templated":true}]}}